{"id":120,"date":"2025-07-02T10:19:45","date_gmt":"2025-07-02T13:19:45","guid":{"rendered":"http:\/\/lardosvelinhosmafra.com.br\/?page_id=120"},"modified":"2025-12-15T12:44:41","modified_gmt":"2025-12-15T15:44:41","slug":"institucional","status":"publish","type":"page","link":"https:\/\/lardosvelinhosmafra.com.br\/?page_id=120","title":{"rendered":"Institucional"},"content":{"rendered":"\t\t<div data-elementor-type=\"wp-page\" data-elementor-id=\"120\" class=\"elementor elementor-120\" data-elementor-post-type=\"page\">\n\t\t\t\t<div class=\"elementor-element elementor-element-309bcebd e-flex e-con-boxed e-con e-parent\" data-id=\"309bcebd\" data-element_type=\"container\" data-settings=\"{&quot;background_background&quot;:&quot;classic&quot;}\">\n\t\t\t\t\t<div class=\"e-con-inner\">\n\t\t\t\t<div class=\"elementor-element elementor-element-7e42757a elementor-widget elementor-widget-heading\" data-id=\"7e42757a\" data-element_type=\"widget\" data-widget_type=\"heading.default\">\n\t\t\t\t\t<h2 class=\"elementor-heading-title elementor-size-default\">Institucional<\/h2>\t\t\t\t<\/div>\n\t\t\t\t\t<\/div>\n\t\t\t\t<\/div>\n\t\t<div class=\"elementor-element elementor-element-255ca43d e-flex e-con-boxed e-con e-parent\" data-id=\"255ca43d\" data-element_type=\"container\" data-settings=\"{&quot;background_background&quot;:&quot;classic&quot;}\">\n\t\t\t\t\t<div class=\"e-con-inner\">\n\t\t\t\t<div class=\"elementor-element elementor-element-27e9f2be elementor-widget elementor-widget-heading\" data-id=\"27e9f2be\" data-element_type=\"widget\" data-widget_type=\"heading.default\">\n\t\t\t\t\t<div class=\"elementor-heading-title elementor-size-default\">Institucional<\/div>\t\t\t\t<\/div>\n\t\t\t\t<div class=\"elementor-element elementor-element-69d121d7 animated-slow elementor-invisible elementor-widget elementor-widget-heading\" data-id=\"69d121d7\" data-element_type=\"widget\" data-settings=\"{&quot;_animation&quot;:&quot;fadeInUp&quot;}\" data-widget_type=\"heading.default\">\n\t\t\t\t\t<h3 class=\"elementor-heading-title elementor-size-default\">Compromisso com a transpar\u00eancia e o bem-estar<\/h3>\t\t\t\t<\/div>\n\t\t\t\t<div class=\"elementor-element elementor-element-5c00311e elementor-widget__width-initial elementor-widget elementor-widget-text-editor\" data-id=\"5c00311e\" data-element_type=\"widget\" data-widget_type=\"text-editor.default\">\n\t\t\t\t\t\t\t\t\t<p>Somos uma institui\u00e7\u00e3o s\u00e9ria, comprometida com a dignidade dos nossos moradores e com a confian\u00e7a da comunidade.<\/p>\t\t\t\t\t\t\t\t<\/div>\n\t\t<div class=\"elementor-element elementor-element-6b4deee7 e-con-full e-flex e-con e-child\" data-id=\"6b4deee7\" data-element_type=\"container\">\n\t\t<div class=\"elementor-element elementor-element-6afe5549 e-con-full animated-slow e-flex elementor-invisible e-con e-child\" data-id=\"6afe5549\" data-element_type=\"container\" data-settings=\"{&quot;animation&quot;:&quot;fadeInLeft&quot;}\">\n\t\t<div class=\"elementor-element elementor-element-11c4536b e-con-full e-flex e-con e-child\" data-id=\"11c4536b\" data-element_type=\"container\">\n\t\t\t\t<div class=\"elementor-element elementor-element-12ddf9e5 elementor-position-left elementor-vertical-align-middle elementor-widget elementor-widget-image-box\" data-id=\"12ddf9e5\" data-element_type=\"widget\" data-widget_type=\"image-box.default\">\n\t\t\t\t\t<div class=\"elementor-image-box-wrapper\"><figure class=\"elementor-image-box-img\"><img fetchpriority=\"high\" decoding=\"async\" width=\"300\" height=\"300\" src=\"https:\/\/lardosvelinhosmafra.com.br\/wp-content\/uploads\/2025\/07\/Service-1.png\" class=\"attachment-full size-full wp-image-21\" alt=\"\" srcset=\"https:\/\/lardosvelinhosmafra.com.br\/wp-content\/uploads\/2025\/07\/Service-1.png 300w, https:\/\/lardosvelinhosmafra.com.br\/wp-content\/uploads\/2025\/07\/Service-1-150x150.png 150w\" sizes=\"(max-width: 300px) 100vw, 300px\" \/><\/figure><div class=\"elementor-image-box-content\"><h4 class=\"elementor-image-box-title\">Parcerias e reconhecimentos<\/h4><\/div><\/div>\t\t\t\t<\/div>\n\t\t\t\t<div class=\"elementor-element elementor-element-3b3b9e7 elementor-widget elementor-widget-text-editor\" data-id=\"3b3b9e7\" data-element_type=\"widget\" data-widget_type=\"text-editor.default\">\n\t\t\t\t\t\t\t\t\t<ul><li data-start=\"4049\" data-end=\"4168\"><p data-start=\"4051\" data-end=\"4168\">Chamamento p\u00fablico do <strong data-start=\"4073\" data-end=\"4093\">Poder Judici\u00e1rio<\/strong> (2023), que possibilitou a montagem de uma cl\u00ednica de fisioterapia moderna<\/p><\/li><li data-start=\"4169\" data-end=\"4228\"><p data-start=\"4171\" data-end=\"4228\">Doa\u00e7\u00e3o de um est\u00fadio de pilates pela empresa <strong data-start=\"4216\" data-end=\"4228\">Tranorte<\/strong><\/p><\/li><li data-start=\"4229\" data-end=\"4400\"><p data-start=\"4231\" data-end=\"4400\">Projeto de <strong data-start=\"4242\" data-end=\"4259\">energia solar<\/strong> que reduziu os custos com energia el\u00e9trica de R$ 4.000 para R$ 600 \u2014 mais recursos agora s\u00e3o direcionados aos cuidados diretos com os idosos<\/p><\/li><\/ul>\t\t\t\t\t\t\t\t<\/div>\n\t\t\t\t<\/div>\n\t\t\t\t<\/div>\n\t\t<div class=\"elementor-element elementor-element-362da76 e-con-full animated-slow e-flex elementor-invisible e-con e-child\" data-id=\"362da76\" data-element_type=\"container\" data-settings=\"{&quot;animation&quot;:&quot;fadeInUp&quot;}\">\n\t\t<div class=\"elementor-element elementor-element-22713cf5 e-con-full e-flex e-con e-child\" data-id=\"22713cf5\" data-element_type=\"container\">\n\t\t\t\t<div class=\"elementor-element elementor-element-33f6d96f elementor-position-left elementor-vertical-align-middle elementor-widget elementor-widget-image-box\" data-id=\"33f6d96f\" data-element_type=\"widget\" data-widget_type=\"image-box.default\">\n\t\t\t\t\t<div class=\"elementor-image-box-wrapper\"><figure class=\"elementor-image-box-img\"><img decoding=\"async\" width=\"300\" height=\"300\" src=\"https:\/\/lardosvelinhosmafra.com.br\/wp-content\/uploads\/2025\/07\/Service-2.png\" class=\"attachment-full size-full wp-image-22\" alt=\"\" srcset=\"https:\/\/lardosvelinhosmafra.com.br\/wp-content\/uploads\/2025\/07\/Service-2.png 300w, https:\/\/lardosvelinhosmafra.com.br\/wp-content\/uploads\/2025\/07\/Service-2-150x150.png 150w\" sizes=\"(max-width: 300px) 100vw, 300px\" \/><\/figure><div class=\"elementor-image-box-content\"><h4 class=\"elementor-image-box-title\">Apoio comunit\u00e1rio e voluntariado<\/h4><\/div><\/div>\t\t\t\t<\/div>\n\t\t\t\t<div class=\"elementor-element elementor-element-4ce96a45 elementor-widget elementor-widget-text-editor\" data-id=\"4ce96a45\" data-element_type=\"widget\" data-widget_type=\"text-editor.default\">\n\t\t\t\t\t\t\t\t\t<p>A comunidade de Mafra \u00e9 essencial para que esse trabalho aconte\u00e7a. Doa\u00e7\u00f5es, visitas e a\u00e7\u00f5es volunt\u00e1rias fazem parte da nossa rotina.<\/p>\t\t\t\t\t\t\t\t<\/div>\n\t\t\t\t<\/div>\n\t\t\t\t<\/div>\n\t\t<div class=\"elementor-element elementor-element-25f52c5b e-con-full animated-slow e-flex elementor-invisible e-con e-child\" data-id=\"25f52c5b\" data-element_type=\"container\" data-settings=\"{&quot;animation&quot;:&quot;fadeInLeft&quot;}\">\n\t\t<div class=\"elementor-element elementor-element-274256f7 e-con-full e-flex e-con e-child\" data-id=\"274256f7\" data-element_type=\"container\">\n\t\t\t\t<div class=\"elementor-element elementor-element-8619dbd elementor-position-left elementor-vertical-align-middle elementor-widget elementor-widget-image-box\" data-id=\"8619dbd\" data-element_type=\"widget\" data-widget_type=\"image-box.default\">\n\t\t\t\t\t<div class=\"elementor-image-box-wrapper\"><figure class=\"elementor-image-box-img\"><img decoding=\"async\" width=\"300\" height=\"300\" src=\"https:\/\/lardosvelinhosmafra.com.br\/wp-content\/uploads\/2025\/07\/Service-6.png\" class=\"attachment-full size-full wp-image-26\" alt=\"\" srcset=\"https:\/\/lardosvelinhosmafra.com.br\/wp-content\/uploads\/2025\/07\/Service-6.png 300w, https:\/\/lardosvelinhosmafra.com.br\/wp-content\/uploads\/2025\/07\/Service-6-150x150.png 150w\" sizes=\"(max-width: 300px) 100vw, 300px\" \/><\/figure><div class=\"elementor-image-box-content\"><h4 class=\"elementor-image-box-title\">Hor\u00e1rio de visita\u00e7\u00e3o:<\/h4><\/div><\/div>\t\t\t\t<\/div>\n\t\t\t\t<div class=\"elementor-element elementor-element-759a8d9d elementor-widget elementor-widget-text-editor\" data-id=\"759a8d9d\" data-element_type=\"widget\" data-widget_type=\"text-editor.default\">\n\t\t\t\t\t\t\t\t\t<p>\ud83d\udd51 Preferencialmente no per\u00edodo da tarde<br data-start=\"4931\" data-end=\"4934\" \/>\u26a0\ufe0f Visitas mediante agendamento pr\u00e9vio<\/p>\t\t\t\t\t\t\t\t<\/div>\n\t\t\t\t<\/div>\n\t\t\t\t<\/div>\n\t\t\t\t<\/div>\n\t\t\t\t\t<\/div>\n\t\t\t\t<\/div>\n\t\t<div class=\"elementor-element elementor-element-5f4320ba e-flex e-con-boxed e-con e-parent\" data-id=\"5f4320ba\" data-element_type=\"container\" data-settings=\"{&quot;background_background&quot;:&quot;classic&quot;}\">\n\t\t\t\t\t<div class=\"e-con-inner\">\n\t\t\t\t<div class=\"elementor-element elementor-element-120f39c9 elementor-widget elementor-widget-heading\" data-id=\"120f39c9\" data-element_type=\"widget\" data-widget_type=\"heading.default\">\n\t\t\t\t\t<h3 class=\"elementor-heading-title elementor-size-default\">Conhe\u00e7a nosso Lar dos Velinhos <\/h3>\t\t\t\t<\/div>\n\t\t\t\t<div class=\"elementor-element elementor-element-15d800d2 elementor-widget__width-initial elementor-widget elementor-widget-text-editor\" data-id=\"15d800d2\" data-element_type=\"widget\" data-widget_type=\"text-editor.default\">\n\t\t\t\t\t\t\t\t\t<p>Preparamos um video sobre nossa institui\u00e7\u00e3o<\/p>\t\t\t\t\t\t\t\t<\/div>\n\t\t\t\t<div class=\"elementor-element elementor-element-118ed7c elementor-widget elementor-widget-video\" data-id=\"118ed7c\" data-element_type=\"widget\" data-settings=\"{&quot;youtube_url&quot;:&quot;https:\\\/\\\/youtu.be\\\/gCwvsdiYk1Q&quot;,&quot;video_type&quot;:&quot;youtube&quot;,&quot;controls&quot;:&quot;yes&quot;}\" data-widget_type=\"video.default\">\n\t\t\t\t\t\t\t<div class=\"elementor-wrapper elementor-open-inline\">\n\t\t\t<div class=\"elementor-video\"><\/div>\t\t<\/div>\n\t\t\t\t\t\t<\/div>\n\t\t\t\t\t<\/div>\n\t\t\t\t<\/div>\n\t\t\t\t<\/div>\n\t\t","protected":false},"excerpt":{"rendered":"<p>Institucional Institucional Compromisso com a transpar\u00eancia e o bem-estar Somos uma institui\u00e7\u00e3o s\u00e9ria, comprometida com a dignidade dos nossos moradores e com a confian\u00e7a da comunidade. Parcerias e reconhecimentos Chamamento p\u00fablico do Poder Judici\u00e1rio (2023), que possibilitou a montagem de uma cl\u00ednica de fisioterapia moderna Doa\u00e7\u00e3o de um est\u00fadio de pilates pela empresa Tranorte Projeto [&hellip;]<\/p>\n","protected":false},"author":1,"featured_media":0,"parent":0,"menu_order":0,"comment_status":"closed","ping_status":"closed","template":"elementor_header_footer","meta":{"footnotes":""},"class_list":["post-120","page","type-page","status-publish","hentry"],"_links":{"self":[{"href":"https:\/\/lardosvelinhosmafra.com.br\/index.php?rest_route=\/wp\/v2\/pages\/120","targetHints":{"allow":["GET"]}}],"collection":[{"href":"https:\/\/lardosvelinhosmafra.com.br\/index.php?rest_route=\/wp\/v2\/pages"}],"about":[{"href":"https:\/\/lardosvelinhosmafra.com.br\/index.php?rest_route=\/wp\/v2\/types\/page"}],"author":[{"embeddable":true,"href":"https:\/\/lardosvelinhosmafra.com.br\/index.php?rest_route=\/wp\/v2\/users\/1"}],"replies":[{"embeddable":true,"href":"https:\/\/lardosvelinhosmafra.com.br\/index.php?rest_route=%2Fwp%2Fv2%2Fcomments&post=120"}],"version-history":[{"count":8,"href":"https:\/\/lardosvelinhosmafra.com.br\/index.php?rest_route=\/wp\/v2\/pages\/120\/revisions"}],"predecessor-version":[{"id":163,"href":"https:\/\/lardosvelinhosmafra.com.br\/index.php?rest_route=\/wp\/v2\/pages\/120\/revisions\/163"}],"wp:attachment":[{"href":"https:\/\/lardosvelinhosmafra.com.br\/index.php?rest_route=%2Fwp%2Fv2%2Fmedia&parent=120"}],"curies":[{"name":"wp","href":"https:\/\/api.w.org\/{rel}","templated":true}]}}